{"id":722,"date":"2017-03-11T02:38:23","date_gmt":"2017-03-11T02:38:23","guid":{"rendered":"https:\/\/evang.si\/?page_id=247"},"modified":"2026-02-26T21:58:42","modified_gmt":"2026-02-26T20:58:42","slug":"kontakt","status":"publish","type":"page","link":"https:\/\/evang.si\/de\/kontakt\/","title":{"rendered":"Kontakt"},"content":{"rendered":"<div data-vc-full-width=\"true\" data-vc-full-width-init=\"false\" data-vc-stretch-content=\"true\" class=\"vc_row wpb_row vc_row-fluid vc_row-no-padding\"><div class=\"wpc_parallax_bg\"><\/div><div class=\"wpb_column vc_column_container vc_col-sm-12\"><div class=\"vc_column-inner\"><div class=\"wpb_wrapper\">\n\t<div class=\"wpb_text_column wpb_content_element\" >\n\t\t<div class=\"wpb_wrapper\">\n\t\t\t<p><iframe loading=\"lazy\" width=\"100%\" height=\"450\" style=\"border: 0;\" src=\"https:\/\/www.google.com\/maps\/embed?pb=!1m18!1m12!1m3!1d2738.2132696613576!2d16.16327475132946!3d46.66205037903096!2m3!1f0!2f0!3f0!3m2!1i1024!2i768!4f13.1!3m3!1m2!1s0x476f3eef993014ad%3A0x41dc815b33724ab1!2sSlovenska%20ulica%2017%2C%209000%20Murska%20Sobota!5e0!3m2!1ssl!2ssi!4v1603136630824!5m2!1ssl!2ssi\" frameborder=\"0\" allowfullscreen=\"allowfullscreen\" aria-hidden=\"false\" tabindex=\"0\"><\/iframe><\/p>\n\n\t\t<\/div>\n\t<\/div>\n<\/div><\/div><\/div><\/div><div class=\"vc_row-full-width vc_clearfix\"><\/div><div class=\"vc_row wpb_row vc_row-fluid\"><div class=\"wpc_parallax_bg\"><\/div><div class=\"wpb_column vc_column_container vc_col-sm-6\"><div class=\"vc_column-inner\"><div class=\"wpb_wrapper\">\n\t<div  class=\"wpb_single_image wpb_content_element vc_align_center\">\n\t\t\n\t\t<figure class=\"wpb_wrapper vc_figure\">\n\t\t\t<div class=\"vc_single_image-wrapper   vc_box_border_grey\"><img width=\"300\" height=\"214\" src=\"https:\/\/evang.si\/wp-content\/uploads\/2020\/06\/EVangelicanska-cerkev-AV-v-RS_logotip-300x214.png\" class=\"vc_single_image-img attachment-medium\" alt=\"\" loading=\"lazy\" srcset=\"https:\/\/evang.si\/wp-content\/uploads\/2020\/06\/EVangelicanska-cerkev-AV-v-RS_logotip-300x214.png 300w, https:\/\/evang.si\/wp-content\/uploads\/2020\/06\/EVangelicanska-cerkev-AV-v-RS_logotip-768x549.png 768w, https:\/\/evang.si\/wp-content\/uploads\/2020\/06\/EVangelicanska-cerkev-AV-v-RS_logotip-624x446.png 624w, https:\/\/evang.si\/wp-content\/uploads\/2020\/06\/EVangelicanska-cerkev-AV-v-RS_logotip.png 1240w\" sizes=\"(max-width: 300px) 100vw, 300px\" \/><\/div>\n\t\t<\/figure>\n\t<\/div>\n<\/div><\/div><\/div><div class=\"wpb_column vc_column_container vc_col-sm-6\"><div class=\"vc_column-inner\"><div class=\"wpb_wrapper\"><div class=\"vc_custom_heading vc_custom_1603136758258 cms-custom-heading cms-h3\" ><h3 style=\"font-size: 36px;color: #666666;line-height: 1.1;text-align: right\" class=\"cms-heading-inner  m-0   text-center-phone\">Kontaktdetails<\/h3><\/div>\n\t<div class=\"wpb_raw_code wpb_content_element wpb_raw_html\" >\n\t\t<div class=\"wpb_wrapper\">\n\t\t\t<div class=\"contact-info-wrap text-right text-center991\">\n\t<div class=\"ct-info mb-30\">\n\t\t<span class=\"fa fa-phone\"><\/span>\n\t\t<div class=\"info\">\n\t\t\t<span>(02) 522 13 04<\/span>\n\t\t\t<span>Telefon<\/span>\n\t\t<\/div>\n\t<\/div>\n\t<div class=\"ct-info mb-30\">\n\t\t<span class=\"fa fa-envelope\"><\/span>\n\t\t<div class=\"info\">\n\t\t\t<span><a href=\"mailto:info@giving.com\">leon.novak@evang.si<\/a><\/span>\n\t\t\t<span>Email<\/span>\n\t\t<\/div>\n\t<\/div>\n\t<div class=\"ct-info mb-30\">\n\t\t<span class=\"fa fa-map-marker\"><\/span>\n\t\t<div class=\"info\">\n\t\t\t<span>Slovenska ul. 17, 9000 Murska Sobota<\/span>\n\t\t\t<span>Adresse<\/span>\n\t\t<\/div>\n\t<\/div>\n<\/div>\n\t\t<\/div>\n\t<\/div>\n<\/div><\/div><\/div><\/div><div class=\"vc_row wpb_row vc_row-fluid vc_custom_1632773269260\"><div class=\"wpc_parallax_bg\"><\/div><div class=\"wpb_column vc_column_container vc_col-sm-4\"><div class=\"vc_column-inner\"><div class=\"wpb_wrapper\">\n\t<div class=\"wpb_text_column wpb_content_element\" >\n\t\t<div class=\"wpb_wrapper\">\n\t\t\t<h3><a href=\"https:\/\/evang.si\/de\/o-nas\/eho-podpornica\/\">EHO PODPORNICA<\/a><\/h3>\n<p><i class=\"fa fa-search\"><\/i> <span>Slovenska ulica 17, 9000 Murska Sobota<\/span><\/p>\n<p><i class=\"fa fa-envelope-o\"> <\/i> <a href=\"mailto:cerkev@evang.si\">eho@telemach.net<\/a><\/p>\n<p><i class=\"fa fa-phone\"><\/i><a href=\"call:00386 (0)31 328 005\">00386 (0)31 328 005<\/a><\/p>\n\n\t\t<\/div>\n\t<\/div>\n\n\t<div class=\"wpb_text_column wpb_content_element\" >\n\t\t<div class=\"wpb_wrapper\">\n\t\t\t<h3><a href=\"https:\/\/evang.si\/de\/o-nas\/zavod-primoza-trubarja\/\">PRIMO\u017d TRUBAR INSTITUT<\/a><\/h3>\n<p><i class=\"fa fa-search\"><\/i><span> Slovenska ulica 17, 9000 Murska Sobota<\/span><\/p>\n<p><i class=\"fa fa-envelope-o\"><\/i> <a href=\"mailto:cerkev@evang.si\">info@zpt.si<\/a><\/p>\n<p><i class=\"fa fa-phone\"><\/i> <a href=\"call:025221304\">00386 (0)41 403 672<\/a><\/p>\n\n\t\t<\/div>\n\t<\/div>\n<\/div><\/div><\/div><div class=\"wpb_column vc_column_container vc_col-sm-4\"><div class=\"vc_column-inner\"><div class=\"wpb_wrapper\">\n\t<div class=\"wpb_text_column wpb_content_element\" >\n\t\t<div class=\"wpb_wrapper\">\n\t\t\t<h3 class=\" translation-block\">MILIT\u00c4RVIKARIAT<\/h3>\n<p><i class=\"fa fa-search\"><\/i><span> Vojkova cesta 55, 1000 Ljubljana<\/span><\/p>\n<p><i class=\"fa fa-envelope-o\"><\/i> <a href=\"mailto:cerkev@evang.si\">vladkamj@gmail.com<\/a><\/p>\n<p><i class=\"fa fa-phone\"><\/i> <a href=\"call:025221304\">00386 (0)41 743 198<\/a><\/p>\n\n\t\t<\/div>\n\t<\/div>\n<\/div><\/div><\/div><div class=\"wpb_column vc_column_container vc_col-sm-4\"><div class=\"vc_column-inner\"><div class=\"wpb_wrapper\">\n\t<div class=\"wpb_text_column wpb_content_element\" >\n\t\t<div class=\"wpb_wrapper\">\n\t\t\t<h3 class=\" translation-block\">FRAUENVEREIN <\/em>EVANGELI\u010cANKA<\/h3>\n<p><i class=\"fa fa-search\"><\/i> <span>Slovenska ulica 17, 9000 Murska Sobota<\/span><\/p>\n<p><i class=\"fa fa-envelope-o\"><\/i> <a href=\"mailto:cerkev@evang.si\">simona.prosic.filip@evang.si<\/a><\/p>\n<p><i class=\"fa fa-phone\"><\/i> <a href=\"call:025221304\">00386 (0)41 799 810<\/a><\/p>\n\n\t\t<\/div>\n\t<\/div>\n<\/div><\/div><\/div><\/div><div class=\"vc_row wpb_row vc_row-fluid\"><div class=\"wpc_parallax_bg\"><\/div><div class=\"wpb_column vc_column_container vc_col-sm-4\"><div class=\"vc_column-inner\"><div class=\"wpb_wrapper\">\n\t<div class=\"wpb_text_column wpb_content_element\" >\n\t\t<div class=\"wpb_wrapper\">\n\t\t\t<h3><a href=\"https:\/\/evang.si\/de\/obcine\/\">KIRCHENGEMEINDE<\/a><\/h3>\n<p><i class=\"fa fa-search\" style=\"padding-right: 5px;\"><\/i><span> Apa\u010de 34, 9253 Apa\u010de<\/span><\/p>\n<p><i class=\"fa fa-envelope-o\" style=\"padding-right: 5px;\"><\/i> <a href=\"mailto:stefan.beznec@evang.si\">stefan.beznec@evang.si<\/a><\/p>\n<p><i class=\"fa fa-phone\" style=\"padding-right: 5px;\"><\/i> <a href=\"call:025221304\">00386 (0)41 383 154<\/a><\/p>\n<p><i class=\"fa fa-user\" style=\"padding-right: 5px;\"><\/i> Pfarrer: mag. \u0160tefan Beznec<\/p>\n<p><i class=\"fa fa-calendar\" style=\"padding-right: 5px;\"><\/i> Gottesdienste: jeden 2., 4. und 5. Sonntag und an Feiertagen um 8.30 Uhr.<\/p>\n\n\t\t<\/div>\n\t<\/div>\n<\/div><\/div><\/div><div class=\"wpb_column vc_column_container vc_col-sm-4\"><div class=\"vc_column-inner\"><div class=\"wpb_wrapper\">\n\t<div class=\"wpb_text_column wpb_content_element\" >\n\t\t<div class=\"wpb_wrapper\">\n\t\t\t<h3><a href=\"https:\/\/evang.si\/de\/obcine\/\">KIRCHENGEMEINDE BODONCI<\/a><\/h3>\n<p><i class=\"fa fa-search\" style=\"padding-right: 5px;\"><\/i><span>Bodonci 6, 9265 Bodonci<\/span><\/p>\n<p><i class=\"fa fa-envelope-o\" style=\"padding-right: 5px;\"><\/i><a href=\"mailto:cerkev@evang.si\">eco.bodonci@siol.net; simon.sever@evang.si<\/a><\/p>\n<p><i class=\"fa fa-tv\" style=\"padding-right: 5px;\"><\/i>www.evang-bodonci.si<\/p>\n<p><i class=\"fa fa-phone\" style=\"padding-right: 5px;\"><\/i><a href=\"call:025221304\">(02) 549 10 06; 00386 (0)51 325 900<\/a><\/p>\n<p><i class=\"fa fa-user\" style=\"padding-right: 5px;\"><\/i> Duhovnik: mag. Simon Sever<\/p>\n<p><i class=\"fa fa-calendar\" style=\"padding-right: 5px;\"><\/i> Gottesdienste: an Sonn- und Feiertagen um 10. Uhr.<\/p>\n\n\t\t<\/div>\n\t<\/div>\n<\/div><\/div><\/div><div class=\"wpb_column vc_column_container vc_col-sm-4\"><div class=\"vc_column-inner\"><div class=\"wpb_wrapper\">\n\t<div class=\"wpb_text_column wpb_content_element\" >\n\t\t<div class=\"wpb_wrapper\">\n\t\t\t<h3><a href=\"https:\/\/evang.si\/de\/obcine\/\">KIRCHENGEMEINDE DOMANJ\u0160EVCI<\/a><\/h3>\n<p><i class=\"fa fa-search\" style=\"padding-right: 5px;\"><\/i><span>Domanj\u0161evci 89, 9206 Kri\u017eevci<\/span><\/p>\n<p><i class=\"fa fa-envelope-o\" style=\"padding-right: 5px;\"><\/i><a href=\"mailto:e...domanjsevci@siol.net\">peter.andrejcak@evang.si<\/a><i class=\"fa fa-tv\" style=\"padding-right: 5px;\"><\/i><\/p>\n<p><i class=\"fa fa-phone\" style=\"padding-right: 5px;\"><\/i><a href=\"call:025221304\">00386 (0)31 328 005<\/a><\/p>\n<p><i class=\"fa fa-user\" style=\"padding-right: 5px;\"><\/i>Administrator: mag. Peter Andrej\u010d\u00e1k<\/p>\n<p><i class=\"fa fa-calendar\" style=\"padding-right: 5px;\"><\/i> Bo\u017eje slu\u017ebe: 1., 3. in 5. nedeljo ter ob praznikih ob 11.00.<\/p>\n\n\t\t<\/div>\n\t<\/div>\n<\/div><\/div><\/div><\/div><div class=\"vc_row wpb_row vc_row-fluid\"><div class=\"wpc_parallax_bg\"><\/div><div class=\"wpb_column vc_column_container vc_col-sm-4\"><div class=\"vc_column-inner\"><div class=\"wpb_wrapper\">\n\t<div class=\"wpb_text_column wpb_content_element\" >\n\t\t<div class=\"wpb_wrapper\">\n\t\t\t<h3><a href=\"https:\/\/evang.si\/de\/obcine\/\">KIRCHENGEMEINDE GORNJI PETROVCI<\/a><\/h3>\n<p><i class=\"fa fa-search\" style=\"padding-right: 5px;\"><\/i><span>Gornji Petrovci 94, 9203 Petrovci<\/span><\/p>\n<p><i class=\"fa fa-envelope-o\" style=\"padding-right: 5px;\"><\/i><a href=\"mailto:cerkev@evang.si\">vili.kercmar@telemach.net<\/a><\/p>\n<p><i class=\"fa fa-phone\" style=\"padding-right: 5px;\"><\/i><a href=\"call:025221304\">(02) 556 10 39<\/a><\/p>\n<p><i class=\"fa fa-user\" style=\"padding-right: 5px;\"><\/i>Duhovnica: mag. Jana Ker\u010dmar<\/p>\n<p><i class=\"fa fa-calendar\" style=\"padding-right: 5px;\"><\/i> Gottesdienste: an Sonn- und Feiertagen um 10. Uhr.<\/p>\n\n\t\t<\/div>\n\t<\/div>\n<\/div><\/div><\/div><div class=\"wpb_column vc_column_container vc_col-sm-4\"><div class=\"vc_column-inner\"><div class=\"wpb_wrapper\">\n\t<div class=\"wpb_text_column wpb_content_element\" >\n\t\t<div class=\"wpb_wrapper\">\n\t\t\t<h3><a href=\"https:\/\/evang.si\/de\/obcine\/\">KIRCHENGEMEINDE GORNJI SLAVE\u010cI<\/a><\/h3>\n<p><i class=\"fa fa-search\" style=\"padding-right: 5px;\"><\/i><span>Gornji Slave\u010di 117, 9263 Kuzma<\/span><\/p>\n<p><i class=\"fa fa-envelope-o\" style=\"padding-right: 5px;\"><\/i><a href=\"mailto:cerkev@evang.si\">simona.prosic@siol.net; simona.prosic.filip@evang.si<\/a><\/p>\n<p><i class=\"fa fa-phone\" style=\"padding-right: 5px;\"><\/i><a href=\"call:025221304\">(02) 555 81 50<\/a><\/p>\n<p><i class=\"fa fa-user\" style=\"padding-right: 5px;\"><\/i>Duhovnica: mag. Simona Prosi\u010d Filip<\/p>\n<p><i class=\"fa fa-calendar\" style=\"padding-right: 5px;\"><\/i> Gottesdienste: an Sonn- und Feiertagen um 10. Uhr.<\/p>\n\n\t\t<\/div>\n\t<\/div>\n<\/div><\/div><\/div><div class=\"wpb_column vc_column_container vc_col-sm-4\"><div class=\"vc_column-inner\"><div class=\"wpb_wrapper\">\n\t<div class=\"wpb_text_column wpb_content_element\" >\n\t\t<div class=\"wpb_wrapper\">\n\t\t\t<h3><a href=\"https:\/\/evang.si\/de\/obcine\/\">KIRCHENGEMEINDE HODO\u0160<\/a><\/h3>\n<p><i class=\"fa fa-search\" style=\"padding-right: 5px;\"><\/i><span>Hodo\u0161 55a, 9205 Hodo\u0161<\/span><\/p>\n<p><i class=\"fa fa-envelope-o\" style=\"padding-right: 5px;\"><\/i><a href=\"mailto:cerkev@evang.si\">eco.hodos@gmail.com; peter.andrejcak@evang.si<\/a><\/p>\n<p><i class=\"fa fa-phone\" style=\"padding-right: 5px;\"><\/i><a href=\"call:025221304\">(02) 559 10 38<\/a><\/p>\n<p><i class=\"fa fa-user\" style=\"padding-right: 5px;\"><\/i>Duhovnik: mag. Peter Andrej\u010d\u00e1k<\/p>\n<p><i class=\"fa fa-calendar\" style=\"padding-right: 5px;\"><\/i> Gottesdienste: an Sonn- und Feiertagen um 9.30 Uhr.<\/p>\n\n\t\t<\/div>\n\t<\/div>\n<\/div><\/div><\/div><\/div><div class=\"vc_row wpb_row vc_row-fluid\"><div class=\"wpc_parallax_bg\"><\/div><div class=\"wpb_column vc_column_container vc_col-sm-4\"><div class=\"vc_column-inner\"><div class=\"wpb_wrapper\">\n\t<div class=\"wpb_text_column wpb_content_element\" >\n\t\t<div class=\"wpb_wrapper\">\n\t\t\t<h3><a href=\"https:\/\/evang.si\/de\/obcine\/\">CERKVENA OB\u010cINA KOPER-IZOLA<\/a><\/h3>\n<p><i class=\"fa fa-search\" style=\"padding-right: 5px;\"><\/i><span>Industrijska cesta 2E, 6310 Izola<\/span><\/p>\n<p><i class=\"fa fa-envelope-o\" style=\"padding-right: 5px;\"><\/i><a href=\"mailto:eco.kp-iz@evang.si\">eco.kp-iz@evang.si<\/a><\/p>\n<p><i class=\"fa fa-tv\" style=\"padding-right: 5px;\"><\/i>www.eco-kpiz.si<\/p>\n<p><i class=\"fa fa-phone\" style=\"padding-right: 5px;\"><\/i><a href=\"call:025221304\">00386 (0)40 943 103<\/a><\/p>\n<p><i class=\"fa fa-user\" style=\"padding-right: 5px;\"><\/i>Pridigar: Du\u0161an Bari\u0161i\u0107<\/p>\n<p><i class=\"fa fa-calendar\" style=\"padding-right: 5px;\"><\/i> Gottesdienste: an Sonn- und Feiertagen um 10. Uhr.<\/p>\n\n\t\t<\/div>\n\t<\/div>\n<\/div><\/div><\/div><div class=\"wpb_column vc_column_container vc_col-sm-4\"><div class=\"vc_column-inner\"><div class=\"wpb_wrapper\">\n\t<div class=\"wpb_text_column wpb_content_element\" >\n\t\t<div class=\"wpb_wrapper\">\n\t\t\t<h3><a href=\"https:\/\/evang.si\/de\/obcine\/\">KIRCHENGEMEINDE KRI\u017dEVCI<\/a><\/h3>\n<p><i class=\"fa fa-search\" style=\"padding-right: 5px;\"><\/i><span>Kri\u017eevci 134, 9206 Kri\u017eevci<\/span><\/p>\n<p><i class=\"fa fa-envelope-o\" style=\"padding-right: 5px;\"><\/i><a href=\"mailto:eco.krizevci@telemach.net\">primoz.kumin@evang.si<\/a><\/p>\n<p><i class=\"fa fa-phone\" style=\"padding-right: 5px;\"><\/i><a href=\"call:025221304\">00386 (0)31 770 450<\/a><\/p>\n<p><i class=\"fa fa-user\" style=\"padding-right: 5px;\"><\/i>Administrator: dipl. teol. Primo\u017e Kumin<\/p>\n<p><i class=\"fa fa-calendar\" style=\"padding-right: 5px;\"><\/i> Bo\u017eje slu\u017ebe: ob nedeljah in praznikih ob 8.30.<\/p>\n\n\t\t<\/div>\n\t<\/div>\n<\/div><\/div><\/div><div class=\"wpb_column vc_column_container vc_col-sm-4\"><div class=\"vc_column-inner\"><div class=\"wpb_wrapper\">\n\t<div class=\"wpb_text_column wpb_content_element\" >\n\t\t<div class=\"wpb_wrapper\">\n\t\t\t<h3><a href=\"https:\/\/evang.si\/de\/obcine\/\">KIRCHENGEMINDE LJUBLJANA<\/a><\/h3>\n<p><i class=\"fa fa-search\" style=\"padding-right: 5px;\"><\/i><span>Gosposvetska cesta 9, 1000 Ljubljana<\/span><\/p>\n<p><i class=\"fa fa-envelope-o\" style=\"padding-right: 5px;\"><\/i><a href=\"mailto:cerkev@evang.si\">info@evang.si<\/a><\/p>\n<p><i class=\"fa fa-phone\" style=\"padding-right: 5px;\"><\/i><a href=\"call:025221304\">00386 (0)31 407 755<\/a><\/p>\n<p><i class=\"fa fa-user\" style=\"padding-right: 5px;\"><\/i>Duhovnik: dr. Aleksander Erni\u0161a<\/p>\n<p><i class=\"fa fa-calendar\" style=\"padding-right: 5px;\"><\/i> Gottesdienste: an Sonn- und Feiertagen um 10. Uhr.<\/p>\n\n\t\t<\/div>\n\t<\/div>\n<\/div><\/div><\/div><\/div><div class=\"vc_row wpb_row vc_row-fluid\"><div class=\"wpc_parallax_bg\"><\/div><div class=\"wpb_column vc_column_container vc_col-sm-4\"><div class=\"vc_column-inner\"><div class=\"wpb_wrapper\">\n\t<div class=\"wpb_text_column wpb_content_element\" >\n\t\t<div class=\"wpb_wrapper\">\n\t\t\t<h3><a href=\"https:\/\/evang.si\/de\/obcine\/\">KIRCHENGEMEINDE LENDAVA<\/a><\/h3>\n<p><i class=\"fa fa-search\" style=\"padding-right: 5px;\"><\/i><span>Trg ljudske pravice 12, 9220 Lendava<\/span><\/p>\n<p><i class=\"fa fa-envelope-o\" style=\"padding-right: 5px;\"><\/i><a href=\"mailto:judit.andrejek@gmail.com; judit.andrejek@evang.si\">judit.andrejek@gmail.com; judit.andrejek@evang.si<\/a><i class=\"fa fa-tv\" style=\"padding-right: 5px;\"><\/i><\/p>\n<p><i class=\"fa fa-phone\" style=\"padding-right: 5px;\"><\/i><a href=\"call:025221304\">00386 (0)31 258 166<\/a><\/p>\n<p><i class=\"fa fa-user\" style=\"padding-right: 5px;\"><\/i>Duhovnica: mag. Judit Andrejek<\/p>\n<p><i class=\"fa fa-calendar\" style=\"padding-right: 5px;\"><\/i> Gottesdienste: jeden 1., 3. und 5. Sonntag und an Feiertagen um 8. Uhr.<\/p>\n\n\t\t<\/div>\n\t<\/div>\n<\/div><\/div><\/div><div class=\"wpb_column vc_column_container vc_col-sm-4\"><div class=\"vc_column-inner\"><div class=\"wpb_wrapper\">\n\t<div class=\"wpb_text_column wpb_content_element\" >\n\t\t<div class=\"wpb_wrapper\">\n\t\t\t<h3><a href=\"https:\/\/evang.si\/de\/obcine\/\">KIRCHENGEMEINDE MARIBOR<\/a><\/h3>\n<p><i class=\"fa fa-search\" style=\"padding-right: 5px;\"><\/i><span>Trubarjeva ulica 1, 2000 Maribor<\/span><\/p>\n<p><i class=\"fa fa-envelope-o\" style=\"padding-right: 5px;\"><\/i><a href=\"mailto:cerkev@evang.si\">eco.maribor@gmail.com; violeta.vladimira.mesaric@@evang.si<\/a><\/p>\n<p><i class=\"fa fa-phone\" style=\"padding-right: 5px;\"><\/i><a href=\"call:025221304\">(02) 250 21 60<\/a><\/p>\n<p><i class=\"fa fa-user\" style=\"padding-right: 5px;\"><\/i>Pfarrerin: mag. Violeta Vladimira Mesari\u010d<\/p>\n<p><i class=\"fa fa-calendar\" style=\"padding-right: 5px;\"><\/i> Gottesdienste: an Sonn- und Feiertagen um 9.30 Uhr.<\/p>\n\n\t\t<\/div>\n\t<\/div>\n<\/div><\/div><\/div><div class=\"wpb_column vc_column_container vc_col-sm-4\"><div class=\"vc_column-inner\"><div class=\"wpb_wrapper\">\n\t<div class=\"wpb_text_column wpb_content_element\" >\n\t\t<div class=\"wpb_wrapper\">\n\t\t\t<h3><a href=\"https:\/\/evang.si\/de\/obcine\/\">KIRCHENGEMEINDE MURSKA SOBOTA<\/a><\/h3>\n<p><i class=\"fa fa-search\" style=\"padding-right: 5px;\"><\/i><span>Slovenska ulica 15, 9000 Murska Sobota<\/span><\/p>\n<p><i class=\"fa fa-envelope-o\" style=\"padding-right: 5px;\"><\/i><a href=\"mailto:cerkev@evang.si\">eco.ms@siol.net; leon.novak@evang.si<\/a><\/p>\n<p><i class=\"fa fa-tv\" style=\"padding-right: 5px;\"><\/i>www.evangelicanska-cerkev.si<\/p>\n<p><i class=\"fa fa-phone\" style=\"padding-right: 5px;\"><\/i><a href=\"call:025221304\">(02) 522 13 04<\/a><\/p>\n<p><i class=\"fa fa-user\" style=\"padding-right: 5px;\"><\/i>Pfarrer: mag. Leon Novak<\/p>\n<p><i class=\"fa fa-calendar\" style=\"padding-right: 5px;\"><\/i> Gottesdienste: an Sonn- und Feiertagen um 10. Uhr.<\/p>\n\n\t\t<\/div>\n\t<\/div>\n<\/div><\/div><\/div><\/div><div class=\"vc_row wpb_row vc_row-fluid\"><div class=\"wpc_parallax_bg\"><\/div><div class=\"wpb_column vc_column_container vc_col-sm-4\"><div class=\"vc_column-inner\"><div class=\"wpb_wrapper\">\n\t<div class=\"wpb_text_column wpb_content_element\" >\n\t\t<div class=\"wpb_wrapper\">\n\t\t\t<h3><a href=\"https:\/\/evang.si\/de\/obcine\/\">KIRCHENGEMEINDE MORAVSKE TOPLICE<\/a><\/h3>\n<p><i class=\"fa fa-search\" style=\"padding-right: 5px;\"><\/i><span>Levstikova ulica 11, 9226 Moravske Toplice<\/span><\/p>\n<p><i class=\"fa fa-envelope-o\" style=\"padding-right: 5px;\"><\/i><a href=\"mailto:primoz.kumin@evang.si\">primoz.kumin@evang.si<\/a><\/p>\n<p><i class=\"fa fa-phone\" style=\"padding-right: 5px;\"><\/i><a href=\"call:025221304\">(02) 538 13 23<\/a><\/p>\n<p><i class=\"fa fa-user\" style=\"padding-right: 5px;\"><\/i>Duhovnik: dipl. teol. Primo\u017e Kumin<\/p>\n<p><i class=\"fa fa-calendar\" style=\"padding-right: 5px;\"><\/i> Gottesdienste: an Sonn- und Feiertagen um 10. Uhr.<\/p>\n\n\t\t<\/div>\n\t<\/div>\n<\/div><\/div><\/div><div class=\"wpb_column vc_column_container vc_col-sm-4\"><div class=\"vc_column-inner\"><div class=\"wpb_wrapper\">\n\t<div class=\"wpb_text_column wpb_content_element\" >\n\t\t<div class=\"wpb_wrapper\">\n\t\t\t<h3><a href=\"https:\/\/evang.si\/de\/obcine\/\">CERKVENA OB\u010cINA NOVO MESTO<\/a><\/h3>\n<p><i class=\"fa fa-search\" style=\"padding-right: 5px;\"><\/i><span>Trdinova ulica 27A, 8000 Novo mesto<\/span><\/p>\n<p><i class=\"fa fa-envelope-o\" style=\"padding-right: 5px;\"><\/i><a href=\"mailto:cerkev@evang.si\">eco.nm@evang.si<\/a><\/p>\n<p><i class=\"fa fa-phone\" style=\"padding-right: 5px;\"><\/i><a href=\"call:025221304\">(07) 334 13 41<\/a><\/p>\n<p><i class=\"fa fa-user\" style=\"padding-right: 5px;\"><\/i>Kaplanka: dr. Katja Brki\u010d Golob<\/p>\n<p><i class=\"fa fa-calendar\" style=\"padding-right: 5px;\"><\/i> Gottesdienste: an Sonn- und Feiertagen um 10. Uhr.<\/p>\n\n\t\t<\/div>\n\t<\/div>\n<\/div><\/div><\/div><div class=\"wpb_column vc_column_container vc_col-sm-4\"><div class=\"vc_column-inner\"><div class=\"wpb_wrapper\">\n\t<div class=\"wpb_text_column wpb_content_element\" >\n\t\t<div class=\"wpb_wrapper\">\n\t\t\t<h3><a href=\"https:\/\/evang.si\/de\/obcine\/\">KIRCHENGEMEINDE PUCONCI<\/a><\/h3>\n<p><i class=\"fa fa-search\" style=\"padding-right: 5px;\"><\/i><span>Puconci 100, 9201 Puconci<\/span><\/p>\n<p><i class=\"fa fa-envelope-o\" style=\"padding-right: 5px;\"><\/i><a href=\"mailto:cerkev@evang.si\">zupnisce.puconci@siol.net; katja.ajdnik@evang.si<\/a><\/p>\n<p><i class=\"fa fa-tv\" style=\"padding-right: 5px;\"><\/i>www.spletna-stran.si<\/p>\n<p><i class=\"fa fa-phone\" style=\"padding-right: 5px;\"><\/i><a href=\"call:025221304\">(02) 545 91 20<\/a><\/p>\n<p><i class=\"fa fa-user\" style=\"padding-right: 5px;\"><\/i>Duhovnica: mag. Katja Ajdnik<\/p>\n<p><i class=\"fa fa-calendar\" style=\"padding-right: 5px;\"><\/i> Gottesdienste: an Sonn- und Feiertagen um 10. Uhr.<\/p>\n\n\t\t<\/div>\n\t<\/div>\n<\/div><\/div><\/div><\/div><div class=\"vc_row wpb_row vc_row-fluid\"><div class=\"wpc_parallax_bg\"><\/div><div class=\"wpb_column vc_column_container vc_col-sm-4\"><div class=\"vc_column-inner\"><div class=\"wpb_wrapper\">\n\t<div class=\"wpb_text_column wpb_content_element\" >\n\t\t<div class=\"wpb_wrapper\">\n\t\t\t<h3><a href=\"https:\/\/evang.si\/de\/obcine\/\">KIRCHENGEMEINDE SELO<\/a><\/h3>\n<p><i class=\"fa fa-search\" style=\"padding-right: 5px;\"><\/i><span>Selo 32a, 9207 Prosenjakovci<\/span><\/p>\n<p><i class=\"fa fa-envelope-o\" style=\"padding-right: 5px;\"><\/i><a href=\"mailto:cerkev@evang.si\">eco.mt@gmail.com; stefan.beznec@evang.si<\/a><\/p>\n<p><i class=\"fa fa-phone\" style=\"padding-right: 5px;\"><\/i><a href=\"call:025221304\">00386 (0)41 383 154<\/a><\/p>\n<p><i class=\"fa fa-user\" style=\"padding-right: 5px;\"><\/i>Administrator: mag. \u0160tefan Beznec<\/p>\n<p><i class=\"fa fa-calendar\" style=\"padding-right: 5px;\"><\/i> Gottesdienste: jeden 1., 3. und 5. Sonntag und an Feiertagen um 11.00 Uhr.<\/p>\n\n\t\t<\/div>\n\t<\/div>\n<\/div><\/div><\/div><div class=\"wpb_column vc_column_container vc_col-sm-4\"><div class=\"vc_column-inner\"><div class=\"wpb_wrapper\"><\/div><\/div><\/div><div class=\"wpb_column vc_column_container vc_col-sm-4\"><div class=\"vc_column-inner\"><div class=\"wpb_wrapper\"><\/div><\/div><\/div><\/div><div class=\"vc_row wpb_row vc_row-fluid\"><div class=\"wpc_parallax_bg\"><\/div><div class=\"wpb_column vc_column_container vc_col-sm-12\"><div class=\"vc_column-inner\"><div class=\"wpb_wrapper\"><div class=\"vc_custom_heading vc_custom_1632940322850 cms-custom-heading cms-h2\" ><h2 style=\"color: #000000;line-height: 1.4;text-align: center\" class=\"cms-heading-inner  m-0\">Stopite v kontakt z nami<\/h2><\/div><div role=\"form\" class=\"wpcf7\" id=\"wpcf7-f405-o1\" lang=\"en-US\" dir=\"ltr\">\n<div class=\"screen-reader-response\"><p role=\"status\" aria-live=\"polite\" aria-atomic=\"true\"><\/p> <ul><\/ul><\/div>\n<form action=\"\/de\/wp-json\/wp\/v2\/pages\/722#wpcf7-f405-o1\" method=\"post\" class=\"wpcf7-form init\" novalidate=\"novalidate\" data-status=\"init\" data-trp-original-action=\"\/de\/wp-json\/wp\/v2\/pages\/722#wpcf7-f405-o1\">\n<div style=\"display: none;\">\n<input type=\"hidden\" name=\"_wpcf7\" value=\"405\" \/>\n<input type=\"hidden\" name=\"_wpcf7_version\" value=\"5.4.2\" \/>\n<input type=\"hidden\" name=\"_wpcf7_locale\" value=\"en_US\" \/>\n<input type=\"hidden\" name=\"_wpcf7_unit_tag\" value=\"wpcf7-f405-o1\" \/>\n<input type=\"hidden\" name=\"_wpcf7_container_post\" value=\"0\" \/>\n<input type=\"hidden\" name=\"_wpcf7_posted_data_hash\" value=\"\" \/>\n<\/div>\n<div class=\"contact-wrap row\">\n<div class=\"col-md-4 mb-30\">\n\t\t<span class=\"wpcf7-form-control-wrap your-name\"><input type=\"text\" name=\"your-name\" value=\"\" size=\"40\" class=\"wpcf7-form-control wpcf7-text wpcf7-validates-as-required form-control\" aria-required=\"true\" aria-invalid=\"false\" placeholder=\"Name und Nachname\" \/><\/span>\n\t<\/div>\n<div class=\"col-md-4 mb-30\">\n\t\t<span class=\"wpcf7-form-control-wrap your-email\"><input type=\"email\" name=\"your-email\" value=\"\" size=\"40\" class=\"wpcf7-form-control wpcf7-text wpcf7-email wpcf7-validates-as-required wpcf7-validates-as-email form-control\" aria-required=\"true\" aria-invalid=\"false\" placeholder=\"email\" \/><\/span>\n\t<\/div>\n<div class=\"col-md-4 mb-30\">\n\t\t<span class=\"wpcf7-form-control-wrap your-phone\"><input type=\"text\" name=\"your-phone\" value=\"\" size=\"40\" class=\"wpcf7-form-control wpcf7-text wpcf7-validates-as-required form-control\" aria-required=\"true\" aria-invalid=\"false\" placeholder=\"telefon\" \/><\/span>\n\t<\/div>\n<div class=\"col-md-12 mb-30\">\n\t\t<span class=\"wpcf7-form-control-wrap your-message\"><textarea name=\"your-message\" cols=\"40\" rows=\"10\" class=\"wpcf7-form-control wpcf7-textarea form-control\" aria-invalid=\"false\" placeholder=\"sporo\u010dilo\"><\/textarea><\/span>\n\t<\/div>\n<div class=\"col-md-12 text-center\">\n\t\t<input type=\"submit\" value=\"Schicke\" class=\"wpcf7-form-control wpcf7-submit cms-button\" \/>\n\t<\/div>\n<\/div>\n<div class=\"wpcf7-response-output\" aria-hidden=\"true\"><\/div><input type=\"hidden\" name=\"trp-form-language\" value=\"de\"\/><\/form><\/div><\/div><\/div><\/div><\/div>","protected":false},"excerpt":{"rendered":"Kontaktni podatki: (02) 522 13 04 Telefon leon.novak@evang.si Email Slovenska ul. 17, 9000 Murska Sobota Naslov EHO PODPORNICA Slovenska ulica 17, 9000 Murska Sobota eho@telemach.net 00386 (0)31 328 005 ZAVOD PRIMO\u017dA TRUBARJA Slovenska ulica 17, 9000 Murska Sobota info@zpt.si 00386 (0)41 403 672 VOJA\u0160KI VIKARIAT Vojkova cesta 55, 1000 Ljubljana vladkamj@gmail.com 00386 (0)41 743 198","protected":false},"author":1,"featured_media":0,"parent":0,"menu_order":0,"comment_status":"closed","ping_status":"closed","template":"","meta":[],"_links":{"self":[{"href":"https:\/\/evang.si\/de\/wp-json\/wp\/v2\/pages\/722"}],"collection":[{"href":"https:\/\/evang.si\/de\/wp-json\/wp\/v2\/pages"}],"about":[{"href":"https:\/\/evang.si\/de\/wp-json\/wp\/v2\/types\/page"}],"author":[{"embeddable":true,"href":"https:\/\/evang.si\/de\/wp-json\/wp\/v2\/users\/1"}],"replies":[{"embeddable":true,"href":"https:\/\/evang.si\/de\/wp-json\/wp\/v2\/comments?post=722"}],"version-history":[{"count":32,"href":"https:\/\/evang.si\/de\/wp-json\/wp\/v2\/pages\/722\/revisions"}],"predecessor-version":[{"id":3453,"href":"https:\/\/evang.si\/de\/wp-json\/wp\/v2\/pages\/722\/revisions\/3453"}],"wp:attachment":[{"href":"https:\/\/evang.si\/de\/wp-json\/wp\/v2\/media?parent=722"}],"curies":[{"name":"wp","href":"https:\/\/api.w.org\/{rel}","templated":true}]}}