{"id":1088,"date":"2021-09-27T21:53:52","date_gmt":"2021-09-27T19:53:52","guid":{"rendered":"https:\/\/evang.si\/?page_id=1088"},"modified":"2025-04-09T09:46:20","modified_gmt":"2025-04-09T07:46:20","slug":"eho-podpornica","status":"publish","type":"page","link":"https:\/\/evang.si\/de\/o-nas\/eho-podpornica\/","title":{"rendered":"EHO PODPORNICA"},"content":{"rendered":"<div class=\"vc_row wpb_row vc_row-fluid vc_custom_1642451143471\"><div class=\"wpc_parallax_bg\"><\/div><div class=\"wpb_column vc_column_container vc_col-sm-12\"><div class=\"vc_column-inner\"><div class=\"wpb_wrapper\"><div class=\"vc_custom_heading vc_custom_1632772427456 cms-custom-heading cms-h3\" ><h3 style=\"font-size: 36px;line-height: 1;text-align: left;font-family:Lato;font-weight:900;font-style:normal\" class=\"cms-heading-inner  m-0\">EHO <em>PODPORNICA<\/em><\/h3><\/div>\n\t<div class=\"wpb_text_column wpb_content_element\" >\n\t\t<div class=\"wpb_wrapper\">\n\t\t\t<p>Die Evangelische Humanit\u00e4re Organisation \u2013 Podpornica (=Unterst\u00fctzerin) (EHO - Podpornica) ist eine kirchliche Wohlt\u00e4tigkeitsorganisation, die die Diakoniearbeit der Kirche durchf\u00fchrt. Auf diese Weise bietet sie Einzelpersonen oder ihren Familien Hilfe bei der \u00dcberwindung sozialer H\u00e4rten und erm\u00f6glicht ihnen eine bessere Lebensqualit\u00e4t. Es gibt 3 humanit\u00e4re Programme:<br \/>\n\u25cf Mobile Diakonie<br \/>\n\u25cf Hilfe in Not<br \/>\n\u25cf Kindern und Jugendlichen helfen<\/p>\n<p>Die Mission und das Ziel unserer Organisation ist es, den Benutzern direkte Nothilfe zu leisten und das Bewusstsein der Fach- und Laien\u00f6ffentlichkeit zu steigern. Bei der Arbeit orientieren wir uns an den Werten der Solidarit\u00e4t und sozialen Gerechtigkeit und den Grunds\u00e4tzen der christlichen Ethik, dass Glaube und Liebe zum Mitmenschen untrennbar miteinander verbunden sind.<br \/>\nEHO - Podpornica arbeitet im \u00f6ffentlichen Interesse, was bedeutet, dass es zum Wohle aller Benutzer und ihrer Familien arbeitet, unabh\u00e4ngig von ihrer religi\u00f6sen oder sonstigen Zugeh\u00f6rigkeit.<br \/>\nMotto und Leitlinie der Organisation ist eine Bibelstelle aus dem Galaterbrief des Apostels Paulus: \u201eDes Anderen Last tragen und so das Gesetz Christi erf\u00fcllen.\u201c (6.2)<\/p>\n<h3>MOBILE DIAKONIE<\/h3>\n<h4>1. Zweck und Ziele des Programms<\/h4>\n<p>Mit dem Programm Mobile Diakonie helfen wir den Benutzern, die Werte des Lebens und Wohnens im Hinblick auf die Reduzierung sozialer und gesundheitlicher Risiken zu verbessern. Wir helfen alten, einsamen, kranken und behinderten, sozial gef\u00e4hrdeten und ausgegrenzten Gruppen zu Hause oder im Au\u00dfendienst. Mit diesem Programm versuchen wir vor allem jene Menschen zu erreichen, die sich aus verschiedenen Gr\u00fcnden nicht oder nicht selbst helfen k\u00f6nnen und diese Art von Hilfe zu Hause oder au\u00dfer Haus ben\u00f6tigen.<\/p>\n<h4>2. Inhalt und Aktivit\u00e4ten des Programms<\/h4>\n<p>- t\u00e4gliche kostenlose Betreuung und Lieferung von warmen Mahlzeiten; bei Bedarf bieten wir den Benutzern auch die Versorgung und Lieferung von di\u00e4tetischen Lebensmitteln f\u00fcr verschiedene Krankheiten an;<br \/>\n- Zahlung von Rechnungen und Nebenkosten (z.B. Strom, Wasser, Heizung, Wohnkosten etc.);<br \/>\n- Bereitstellung einmaliger finanzieller Hilfe bei Natur- und anderen Katastrophen und in gro\u00dfer Not;<br \/>\n- Zustellung und Verteilung von Lebensmittelpaketen an sozial benachteiligte Nutzer;<br \/>\n- finanzielle Unterst\u00fctzung f\u00fcr die Freizeitgestaltung sozial schwacher Nutzer;<br \/>\n- kostenlose Vermietung und Lieferung von Pflegebetten an immobile und todkranke Benutzer;<br \/>\n- kostenloser Verleih und Lieferung von Hygieneartikeln und orthop\u00e4dischen Hilfsmitteln;<br \/>\n- kostenlose Bef\u00f6rderung der Benutzer zum Arzt;<br \/>\n- Hilfe zu Hause bei kleinen Hausarbeiten;<br \/>\n- Sammlung und Verteilung von Kleidung, Schuhen und anderem humanit\u00e4ren Material;<br \/>\n- Organisation von gesellschaftlichen Zusammenk\u00fcnften f\u00fcr Benutzer;<br \/>\n- Organisation von Kundgebungen mit dem Ziel, f\u00fcr die W\u00fcrde der Benutzer einzutreten und das Bewusstsein zu sch\u00e4rfen, Freiwillige zu ermutigen und auszubilden, um bei der Bereitstellung solcher Hilfe f\u00fcr Benutzer zu unterst\u00fctzen, die haupts\u00e4chlich in unseren Kirchengemeinden organisiert werden, in denen humanit\u00e4re Aktivit\u00e4ten durchgef\u00fchrt werden.<\/p>\n<h3>HILFE IN NOT<\/h3>\n<h4>1. Zweck und Ziele des Programms<\/h4>\n<p>Zweck des Programms ist es, sozial und suchtkranke Familien und Einzelpersonen in verschiedenen Formen direkter materieller, finanzieller und beratender Hilfe zu unterst\u00fctzen. Ziel des Programms ist es, humanit\u00e4re Ziele zu realisieren und die Lebenssituation der Benutzer zu verbessern, damit sie Armut und k\u00f6rperliche und seelische Verluste schnellstm\u00f6glich und mit m\u00f6glichst geringen Folgen \u00fcberwinden und wieder ein menschenw\u00fcrdiges Leben f\u00fchren k\u00f6nnen. Mit diesem Programm helfen wir den Benutzern, ihre soziale Verwundbarkeit und soziale Ausgrenzung zu verringern. Wir bieten Benutzern auch einmalige finanzielle Unterst\u00fctzung im Falle der Naturkatastrophen und anderen Katastrophen bei der Wiederbeschaffung von lebensnotwendigen G\u00fctern, die bei diesen Katastrophen verloren gegangen sind.<\/p>\n<h4>2. INHALT UND AKTIVIT\u00c4TEN DES PROGRAMMS<\/h4>\n<p>- Zahlung von Rechnungen (z. B. Strom, Wohnkosten, Treibstoff, Wasser etc.);<br \/>\n- Kauf und Verteilung von Paketen mit Lebensmitteln und Hygieneartikeln;<br \/>\n- Sammlung und Verteilung von Kleidung, Schuhen und anderem humanit\u00e4ren Material;<br \/>\n- Organisation von Benutzertreffen;<br \/>\n- Leistung der Finanzhilfe (gr\u00f6\u00dfere Not bei Natur- und anderen Katastrophen);<br \/>\n- Beratung f\u00fcr Menschen, die ihren Arbeitsplatz verloren haben oder aus anderen Gr\u00fcnden an seelischer Not leiden.<\/p>\n<h3>HILFE F\u00dcR KINDER UND JUGENDLICHE<\/h3>\n<h4>1. Zweck und Ziele des Programms<\/h4>\n<p>Das Programm soll Kindern und Jugendlichen, die in schlechten sozialen Verh\u00e4ltnissen leben, ohne Eltern, in dysfunktionalen Familien mit unterschiedlichen Formen der Sucht leben, sowie Kindern und Jugendlichen mit besonderen Bed\u00fcrfnissen materielle, finanzielle und beratende Hilfestellung bieten.<br \/>\nZiel des Programms ist es, die materielle Situation von Kindern und Jugendlichen aus sozial benachteiligten Familien zu verbessern sowie den psychosozialen Folgen materieller Entbehrung vorzubeugen. Eines der Ziele des Programms ist es auch, die Ausgrenzung von Kindern und Jugendlichen aus ihrem Lebens- oder Bildungsumfeld zu verhindern.<\/p>\n<h4>2. Inhalt und Aktivit\u00e4ten des Programms<\/h4>\n<p>- Zahlung von Schulsachen;<br \/>\n- Unterst\u00fctzung bei der Deckung von Mittagessen, au\u00dferschulischen Aktivit\u00e4ten und anderen Kosten im Zusammenhang mit der Bildung von Kindern und Jugendlichen (Bef\u00f6rderung);<br \/>\n- finanzielle Unterst\u00fctzung bei der Freizeitgestaltung f\u00fcr sozial benachteiligte Kinder und Jugendliche und Kinder mit besonderen Bed\u00fcrfnissen;<br \/>\n- Sammlung und Verteilung von Kleidung, Schuhen und anderem humanit\u00e4ren Material;<br \/>\n- finanzielle Unterst\u00fctzung f\u00fcr kranke und behinderte Kinder, Jugendliche;<br \/>\n- finanzielle Hilfen in gro\u00dfen sozialen Notlagen f\u00fcr Kinder und Jugendliche;<br \/>\n- Organisation von Workshops, Treffen und Bescherungen;<br \/>\n- Organisation von Ferien und Lagern.<\/p>\n<p>&nbsp;<\/p>\n<p><strong><a href=\"https:\/\/evang.si\/wp-content\/uploads\/2025\/02\/Porocilo-EHO-2023-2024.pdf\">Porocilo EHO 2023-2024<\/a><\/strong><\/p>\n<p>&nbsp;<\/p>\n<p><strong>Kontakt:<\/strong><br \/>\nPeter Andrej\u010d\u00e1k, predsednik<br \/>\nGSM: +386 (0)31 328 005<br \/>\nE-mail: eho@telemach.net<\/p>\n<p>Vlasta Abraham<br \/>\nGSM: +386 (0)31 476 028<\/p>\n<p>Valter Abraham<br \/>\nGSM: +386 (0)41 330 679<\/p>\n<p><strong>Transakcijski ra\u010dun EHO &#8211; Podpornica:<br \/>\n<\/strong>SI56 0249 6008 9536 543 (odprt pri NLB d.d.)<\/p>\n<p><img loading=\"lazy\" src=\"https:\/\/evang.si\/wp-content\/uploads\/2017\/03\/2021-09-14-21_41_38-Window-300x211.png\" alt=\"\" width=\"300\" height=\"211\" class=\"alignleft wp-image-1006 size-medium\" srcset=\"https:\/\/evang.si\/wp-content\/uploads\/2017\/03\/2021-09-14-21_41_38-Window-300x211.png 300w, https:\/\/evang.si\/wp-content\/uploads\/2017\/03\/2021-09-14-21_41_38-Window-768x541.png 768w, https:\/\/evang.si\/wp-content\/uploads\/2017\/03\/2021-09-14-21_41_38-Window-1536x1083.png 1536w, https:\/\/evang.si\/wp-content\/uploads\/2017\/03\/2021-09-14-21_41_38-Window-624x440.png 624w, https:\/\/evang.si\/wp-content\/uploads\/2017\/03\/2021-09-14-21_41_38-Window.png 1772w\" sizes=\"(max-width: 300px) 100vw, 300px\" \/><img loading=\"lazy\" src=\"https:\/\/evang.si\/wp-content\/uploads\/2017\/03\/2021-09-14-21_41_48-Window-300x221.png\" alt=\"\" width=\"300\" height=\"221\" class=\"alignleft wp-image-1005 size-medium\" srcset=\"https:\/\/evang.si\/wp-content\/uploads\/2017\/03\/2021-09-14-21_41_48-Window-300x221.png 300w, https:\/\/evang.si\/wp-content\/uploads\/2017\/03\/2021-09-14-21_41_48-Window-768x565.png 768w, https:\/\/evang.si\/wp-content\/uploads\/2017\/03\/2021-09-14-21_41_48-Window-1536x1131.png 1536w, https:\/\/evang.si\/wp-content\/uploads\/2017\/03\/2021-09-14-21_41_48-Window-624x459.png 624w, https:\/\/evang.si\/wp-content\/uploads\/2017\/03\/2021-09-14-21_41_48-Window.png 1737w\" sizes=\"(max-width: 300px) 100vw, 300px\" \/><img loading=\"lazy\" src=\"https:\/\/evang.si\/wp-content\/uploads\/2017\/03\/2021-09-14-21_41_58-Window-300x215.png\" alt=\"\" width=\"300\" height=\"215\" class=\"alignleft size-medium wp-image-1003\" srcset=\"https:\/\/evang.si\/wp-content\/uploads\/2017\/03\/2021-09-14-21_41_58-Window-300x215.png 300w, https:\/\/evang.si\/wp-content\/uploads\/2017\/03\/2021-09-14-21_41_58-Window-768x551.png 768w, https:\/\/evang.si\/wp-content\/uploads\/2017\/03\/2021-09-14-21_41_58-Window-1536x1103.png 1536w, https:\/\/evang.si\/wp-content\/uploads\/2017\/03\/2021-09-14-21_41_58-Window-624x448.png 624w, https:\/\/evang.si\/wp-content\/uploads\/2017\/03\/2021-09-14-21_41_58-Window.png 1752w\" sizes=\"(max-width: 300px) 100vw, 300px\" \/><\/p>\n\n\t\t<\/div>\n\t<\/div>\n<\/div><\/div><\/div><\/div>","protected":false},"excerpt":{"rendered":"EHO PODPORNICA Evangeli\u010danska humanitarna organizacija \u2013 Podpornica (EHO \u2013 Podpornica) je cerkvena dobrodelna organizacija, ki uresni\u010duje diakoni\u010dno delo Cerkve. S tem nudi pomo\u010d posameznikom ali njihovim dru\u017einam pri premagovanju socialnih stisk ter jim omogo\u010da bolj kakovosten na\u010din \u017eivljenja. Izvajajo se 3 humanitarni programi: \u25cf Mobilna diakonija \u25cf Pomo\u010d v stiski \u25cf Pomo\u010d otrokom in mladostnikom","protected":false},"author":1,"featured_media":0,"parent":712,"menu_order":0,"comment_status":"closed","ping_status":"closed","template":"","meta":[],"_links":{"self":[{"href":"https:\/\/evang.si\/de\/wp-json\/wp\/v2\/pages\/1088"}],"collection":[{"href":"https:\/\/evang.si\/de\/wp-json\/wp\/v2\/pages"}],"about":[{"href":"https:\/\/evang.si\/de\/wp-json\/wp\/v2\/types\/page"}],"author":[{"embeddable":true,"href":"https:\/\/evang.si\/de\/wp-json\/wp\/v2\/users\/1"}],"replies":[{"embeddable":true,"href":"https:\/\/evang.si\/de\/wp-json\/wp\/v2\/comments?post=1088"}],"version-history":[{"count":14,"href":"https:\/\/evang.si\/de\/wp-json\/wp\/v2\/pages\/1088\/revisions"}],"predecessor-version":[{"id":3094,"href":"https:\/\/evang.si\/de\/wp-json\/wp\/v2\/pages\/1088\/revisions\/3094"}],"up":[{"embeddable":true,"href":"https:\/\/evang.si\/de\/wp-json\/wp\/v2\/pages\/712"}],"wp:attachment":[{"href":"https:\/\/evang.si\/de\/wp-json\/wp\/v2\/media?parent=1088"}],"curies":[{"name":"wp","href":"https:\/\/api.w.org\/{rel}","templated":true}]}}