{"id":1079,"date":"2021-09-27T21:48:50","date_gmt":"2021-09-27T19:48:50","guid":{"rendered":"https:\/\/evang.si\/?page_id=1079"},"modified":"2022-01-17T21:23:46","modified_gmt":"2022-01-17T20:23:46","slug":"osrednje-osebnosti-reformacije","status":"publish","type":"page","link":"https:\/\/evang.si\/de\/o-nas\/osrednje-osebnosti-reformacije\/","title":{"rendered":"ZENTRALE PERS\u00d6NLICHKEITEN DER REFORMATION"},"content":{"rendered":"<div class=\"vc_row wpb_row vc_row-fluid\"><div class=\"wpc_parallax_bg\"><\/div><div class=\"wpb_column vc_column_container vc_col-sm-12\"><div class=\"vc_column-inner\"><div class=\"wpb_wrapper\"><div class=\"vc_custom_heading vc_custom_1641502387817 cms-custom-heading cms-h3\" ><h3 style=\"font-size: 36px;line-height: 1;text-align: left;font-family:Roboto;font-weight:900;font-style:normal\" class=\"cms-heading-inner  m-0\">MARTIN<em> LUTHER<\/em><\/h3><\/div>\n\t<div class=\"wpb_text_column wpb_content_element\" >\n\t\t<div class=\"wpb_wrapper\">\n\t\t\t<div id=\"panel-26-0-1-1\" class=\"so-panel widget widget_sow-editor\" data-index=\"1\">\n<div class=\"so-widget-sow-editor so-widget-sow-editor-base\">\n<div class=\"siteorigin-widget-tinymce textwidget\">\n<p><a href=\"https:\/\/evang.si\/wp-content\/uploads\/2017\/03\/martin_luther_by_cranach-restoration.jpg\"><img loading=\"lazy\" src=\"https:\/\/evang.si\/wp-content\/uploads\/2017\/03\/martin_luther_by_cranach-restoration-279x300.jpg\" alt=\"\" width=\"279\" height=\"300\" class=\"alignleft size-medium wp-image-987\" srcset=\"https:\/\/evang.si\/wp-content\/uploads\/2017\/03\/martin_luther_by_cranach-restoration-279x300.jpg 279w, https:\/\/evang.si\/wp-content\/uploads\/2017\/03\/martin_luther_by_cranach-restoration.jpg 600w\" sizes=\"(max-width: 279px) 100vw, 279px\" \/><\/a>Martin Luther (1483-1546) wurde in Eisleben geboren. Nach seinem Studium in Mansfeld, Magdeburg und Eisenach schrieb er sich an der Universit\u00e4t Erfurt ein und studierte dort Rechtswissenschaften, schwor aber nach einem Sturm und Blitzschlag, der ihn verschonte, M\u00f6nch zu werden. 1507 wurde er zum Priester geweiht und setzte sein Studium der Theologie fort. Er studierte in Wittenberg und Erfurt, promovierte 1512 zum Doktor der Theologie und wurde sofort in den Senat der Theologischen Fakult\u00e4t der Universit\u00e4t Wittenberg gew\u00e4hlt. Er begann auch, als Theologieprofessor am College zu unterrichten. In den folgenden Jahren konzentrierte sich sein theologisches Interesse vor allem auf die Fragen der Gerechtigkeit Gottes und der Rechtfertigung des Menschen vor Gott. Er predigte zun\u00e4chst nur stark gegen diese Form des Ablasses, doch am 31. Oktober 1517 legte er seine 95 Thesen vor, die den europ\u00e4ischen Lauf der Geschichte ver\u00e4nderten. Luthers Thesen besch\u00e4ftigten sich in erster Linie mit der Einhaltung des Wortes Gottes, wie es in der Bibel festgehalten ist, und es sollte eine f\u00fchrende Rolle in der Verk\u00fcndigung und Lehre der Kirche spielen. Au\u00dferdem sollten kirchliche \u00dcberlieferungen, unter denen er auf die \u201eVergebung der S\u00fcnden\u201c gegen Geld hinwies, keine Autorit\u00e4t \u00fcber das Wort Gottes haben. Dies sorgte f\u00fcr gro\u00dfe Aufregung, und da Luther seine Thesen nicht widerrufen wollte, musste er Worms 1521 nach einer Anh\u00f6rung in der Nationalversammlung, bei der er aus der Kirche exkommuniziert wurde, verlassen. Er fand Zuflucht bei Prinzen Friedrich dem Blauen auf dessen Schloss Wartburg, wo er das Neue Testament aus dem Altgriechischen ins Deutsche \u00fcbersetzte. Es wurde 1522 ver\u00f6ffentlicht und die gesamte Bibel\u00fcbersetzung 1534 abgeschlossen. Er betonte damit auch, dass jeder die Bibel in seiner Muttersprache lesen sollte. W\u00e4hrend Luthers Aufenthalt auf der Wartburg breitete sich die Reformation von Wittenberg aus auf andere Teile Deutschlands, was die Spannungen steigerte und zu Reibungen in der Reformationsbewegung f\u00fchrte, auch zum Bauernkrieg, in den er selbst verwickelt wurde. Nach seiner Heirat 1525 mit der ehemaligen Ordensschwester Katharina von Bora widmete er sich der Gestaltung der neuen Kirche nach seinen Grunds\u00e4tzen, die er in 95 Thesen verk\u00fcndete. Im Winter 1546 reiste er nach Eisleben und beendete dort auch seinen Lebensweg. Er ist in der Schlosskirche zu Wittenberg beigesetzt.<br \/>\nIm Laufe der Jahre hat Luther unerm\u00fcdlich das Wort Gottes geschrieben, \u00fcbersetzt und gepredigt. Er schuf ein Werk von unsch\u00e4tzbarem Wert und mit der Ver\u00f6ffentlichung des Gro\u00dfen und des Kleinen Katechismus im Jahr 1529 schuf er seine nachhaltigsten Werke. Mit dem Kleinen als Zusammenfassung der Bibel f\u00fchrte er auch den Religionsunterricht ein, und mit dem Gro\u00dfen gab er Anweisungen an Priester und Religionslehrer.<br \/>\nSeit 1992 feiert die Republik Slowenien den 31. Oktober <em>als Reformationstag.<\/em> Der Feiertag erinnert an den Beginn der Reformation am 31. Oktober 1517 sowie an die Geburt der slowenischen Hochsprache und an Primo\u017e Trubar, die zentrale Figur der slowenischen Reformation, die das reformatorische Denken aus Deutschland in den slowenischen Raum brachte.<\/p>\n<\/div>\n<\/div>\n<\/div>\n\n\t\t<\/div>\n\t<\/div>\n<div class=\"vc_custom_heading vc_custom_1632775436935 cms-custom-heading cms-h3\" ><h3 style=\"font-size: 36px;line-height: 1;text-align: left;font-family:Roboto;font-weight:900;font-style:normal\" class=\"cms-heading-inner  m-0\">PRIMO\u017d<em> TRUBAR<\/em><\/h3><\/div>\n\t<div class=\"wpb_text_column wpb_content_element\" >\n\t\t<div class=\"wpb_wrapper\">\n\t\t\t<div id=\"panel-26-0-1-1\" class=\"so-panel widget widget_sow-editor\" data-index=\"1\">\n<div class=\"so-widget-sow-editor so-widget-sow-editor-base\">\n<div class=\"siteorigin-widget-tinymce textwidget\">\n<p class=\" translation-block\"><a href=\"https:\/\/evang.si\/wp-content\/uploads\/2017\/03\/1200px-Primoz_Trubar_woodcut.jpg\" class=\"fbx-link fbx-instance\" target=\"_self\"><img loading=\"lazy\" src=\"https:\/\/evang.si\/wp-content\/uploads\/2017\/03\/1200px-Primoz_Trubar_woodcut-197x300.jpg\" alt=\"\" width=\"197\" height=\"300\" class=\"alignleft size-medium wp-image-986\"><\/a>Primo\u017e Trubar (1508-1586) wurde in Ra\u0161ica bei Veliki La\u0161\u010de geboren. 1520 ging er seiner Kenntnis nach zun\u00e4chst nach Rijeka, dann nach Salzburg und dann nach Triest und sp\u00e4ter nach Wien. Ein wichtiger Wendepunkt war seine Ausbildung und sein Aufenthalt in Salzburg, wo er die Lehre von Dr. Martin Luther kennen lernte und in Triest beim Ortsbischof Peter Bonomo, wo er sich in Sprachen weiterbildete, darunter auch in Slowenisch, begeisterte sich f\u00fcr den Humanismus und die Werke des Erasmus von Rotterdam. 1530 ordinierte ihn der Bischof von Triest, Bonomo, zum Priester und schickte ihn als Vikar nach La\u0161ko, wo er als leidenschaftlicher Prediger ber\u00fchmt wurde. Danach diente er in Triest und Ljubljana in \u0160entjernej. Als ihm die reformatorische Lehre n\u00e4herkam, musste er Krain verlassen. Im Exil (N\u00fcrnberg, Rothenburg, Kempten, Urach) \u00fcbernahm er endg\u00fcltig den evangelischen Glauben und begann, den neuen Glauben durch das slowenische gedruckte Wort n\u00e4her zu bringen und zu verbreiten. 1550 wurden seine ersten und auch die ersten slowenischen B\u00fccher Katechismus und Abecedarium ver\u00f6ffentlicht. In den folgenden Jahren folgten weitere Werke, mit denen er f\u00fcr die Verbreitung des Protestantismus unter seinen Landsleuten sorgte. In Urach gr\u00fcndete er zusammen mit Baron Ivan Ungnad ein Bibelinstitut und trug damit weiter zur Verbreitung des geschriebenen Wortes bei. 1561 kehrte er als evangelischer Superintendent nach Ljubljana zur\u00fcck, musste aber aufgrund des Verrats an der Kirchenordnung (1564) erneut ins deutsche Exil gehen, zun\u00e4chst nach T\u00fcbingen, dann nach Lauffen und schlie\u00dflich nach Derendingen, wo er starb und begraben wurde. \nTrubar gilt als zentrale Figur des slowenischen Protestantismus, als Wegbereiter der slowenischen Literatur und als Begr\u00fcnder der slowenischen Literatursprache. Bis an sein Lebensende setzte er sich f\u00fcr die slowenische evangelische Kirche, Bildung und Schule, die Herausgabe der Dalmatins Bibel und des slowenischen Wortes in gedruckter Form ein. Er verfasste \u00fcber 20 B\u00fccher, darunter eine \u00dcbersetzung des gesamten Neuen Testaments (1582) \u201eTa celi katehismus\u2026 inu pejsmi\u201c (Dieses ganze Katechismus \u2026.. und Lieder), wozu er vom ehemaligen Bischof von Koper Peter Pavel Vergerij, einem gl\u00fchenden Protestanten, ermutigt wurde. Sein neuestes Werk ist eine \u00dcbersetzung von Luthers Hauspostille, das neun Jahre nach seinem Tod von seinem Sohn Felicijan herausgegeben wurde.<\/p>\n<\/div>\n<\/div>\n<\/div>\n\n\t\t<\/div>\n\t<\/div>\n<div class=\"vc_custom_heading vc_custom_1632775444866 cms-custom-heading cms-h3\" ><h3 style=\"font-size: 36px;line-height: 1;text-align: left;font-family:Roboto;font-weight:900;font-style:normal\" class=\"cms-heading-inner  m-0\">\u0160TEFAN<em> K\u00dcZMI\u010c<\/em><\/h3><\/div>\n\t<div class=\"wpb_text_column wpb_content_element\" >\n\t\t<div class=\"wpb_wrapper\">\n\t\t\t<div id=\"panel-26-0-1-1\" class=\"so-panel widget widget_sow-editor\" data-index=\"1\">\n<div class=\"so-widget-sow-editor so-widget-sow-editor-base\">\n<div class=\"siteorigin-widget-tinymce textwidget\">\n<p class=\" translation-block\">\u0160tefan K\u00fczmi\u010d (1723-1779) wurde in Strukovci geboren und setzte seine Ausbildung nach der Grundschule am Evangelischen Gymnasium in Sopron, dann in Gy\u0151r und Bratislava fort, wo er auch sein Studium abschloss. 1751 nahm er zun\u00e4chst eine Stelle als Lehrer in der Artikularort Nemes cs\u00f3 an, wo er die Nachfolge seines ehemaligen Lehrers, seines Landsmanns und Schriftstellers R\u00e9da zvelics\u00e1nsztva (Orden der Erl\u00f6sung 1747), Mihael Sever, antrat. Er selbst f\u00fchrte die Arbeit des literarischen Programms in Prekmurje fort, das auf das Jahr 1715 zur\u00fcckgeht, als der Kleine Katechismus von Franc Temlin ver\u00f6ffentlicht wurde. K\u00fczmi\u010d bereitete weiterhin das Abecedarium und den Katechismus vor, die nicht erhalten sind, ebenso nicht erhalten sind die ungarische Arithmetik und Gespr\u00e4che \u00fcber die sieben Konfessionen. Erhalten ist jedoch ein Lehrbuch f\u00fcr den Schul- und Heimbedarf mit den Grundlagen des Christentums zur Festigung des Glaubens mit dem Titel V\u00f6re krszts\u00e1nszke kr\u00e1tki n\u00e1vuk (Kurze Lehre des christlichen Glaubens1754). Ein Jahr sp\u00e4ter wurde er evangelischer Priester in \u0160urd, wo er bis zu seinem Tod t\u00e4tig war, und dort verfasste \u0160tefan K\u00fczmi\u010d sein umfangreichstes Werk \u2013 Nouvi zakon (1771), eine \u00dcbersetzung des Neuen Testaments der Bibel.  Anschlie\u00dfend verfasste er ein Liederbuch f\u00fcr religi\u00f6se und schulische Zwecke, das 1789 von seinem Nachfolger in \u0160urd, Mihal Bako\u0161, erg\u00e4nzt und unter dem Titel Nouvi Gr\u00e1duv\u00e1l herausgegeben wurde. \u0160tefan K\u00fczmi\u010d legte mit seinem Werk die st\u00e4rkste und solideste Grundlage f\u00fcr die literarische Produktion von Prekmurje, da er die Norm und Regulierung f\u00fcr die Literatursprache von Prekmurje festlegte.<\/p>\n<\/div>\n<\/div>\n<\/div>\n\n\t\t<\/div>\n\t<\/div>\n<\/div><\/div><\/div><\/div>","protected":false},"excerpt":{"rendered":"MARTIN LUTHER Martin Luther (1483-1546) se je rodil v mestu Eisleben v Nem\u010diji. Po \u0161olanju v Mansfeldu, Magdeburgu in Eisenachu se je vpisal na Univerzo v Erfurtu in prav tam vpisal tudi \u0161tudij prava, vendar pa se je po znamenju nevihte in udara strele, ki mu je prizanesla, zaprisegel, da bo postal menih. V duhovnika","protected":false},"author":1,"featured_media":0,"parent":712,"menu_order":0,"comment_status":"closed","ping_status":"closed","template":"","meta":[],"_links":{"self":[{"href":"https:\/\/evang.si\/de\/wp-json\/wp\/v2\/pages\/1079"}],"collection":[{"href":"https:\/\/evang.si\/de\/wp-json\/wp\/v2\/pages"}],"about":[{"href":"https:\/\/evang.si\/de\/wp-json\/wp\/v2\/types\/page"}],"author":[{"embeddable":true,"href":"https:\/\/evang.si\/de\/wp-json\/wp\/v2\/users\/1"}],"replies":[{"embeddable":true,"href":"https:\/\/evang.si\/de\/wp-json\/wp\/v2\/comments?post=1079"}],"version-history":[{"count":13,"href":"https:\/\/evang.si\/de\/wp-json\/wp\/v2\/pages\/1079\/revisions"}],"predecessor-version":[{"id":1262,"href":"https:\/\/evang.si\/de\/wp-json\/wp\/v2\/pages\/1079\/revisions\/1262"}],"up":[{"embeddable":true,"href":"https:\/\/evang.si\/de\/wp-json\/wp\/v2\/pages\/712"}],"wp:attachment":[{"href":"https:\/\/evang.si\/de\/wp-json\/wp\/v2\/media?parent=1079"}],"curies":[{"name":"wp","href":"https:\/\/api.w.org\/{rel}","templated":true}]}}